{"id":871,"date":"2020-03-21T13:51:47","date_gmt":"2020-03-21T12:51:47","guid":{"rendered":"http:\/\/asesoriaswordpress.com\/?page_id=871"},"modified":"2021-08-23T21:30:38","modified_gmt":"2021-08-23T19:30:38","slug":"gracias-por-comprar-5-pasos-en-video","status":"publish","type":"page","link":"https:\/\/planificatucamino.com\/en\/lp\/gracias-por-comprar-5-pasos-en-video\/","title":{"rendered":"Gracias por comprar 5 Pasos en V\u00eddeo"},"content":{"rendered":"<div data-elementor-type=\"wp-page\" data-elementor-id=\"871\" class=\"elementor elementor-871\" data-elementor-post-type=\"page\">\n\t\t\t\t\t\t<section class=\"elementor-section elementor-top-section elementor-element elementor-element-a18cd66 elementor-section-boxed elementor-section-height-default elementor-section-height-default\" data-id=\"a18cd66\" data-element_type=\"section\" data-e-type=\"section\" data-settings=\"{&quot;background_background&quot;:&quot;classic&quot;}\">\n\t\t\t\t\t\t<div class=\"elementor-container elementor-column-gap-default\">\n\t\t\t\t\t<div class=\"elementor-column elementor-col-100 elementor-top-column elementor-element elementor-element-94a89de\" data-id=\"94a89de\" data-element_type=\"column\" data-e-type=\"column\">\n\t\t\t<div class=\"elementor-widget-wrap elementor-element-populated\">\n\t\t\t\t\t\t<div class=\"elementor-element elementor-element-a203a32 elementor-widget elementor-widget-image\" data-id=\"a203a32\" data-element_type=\"widget\" data-e-type=\"widget\" data-widget_type=\"image.default\">\n\t\t\t\t<div class=\"elementor-widget-container\">\n\t\t\t\t\t\t\t\t\t\t\t\t\t\t\t<img loading=\"lazy\" decoding=\"async\" width=\"445\" height=\"321\" src=\"https:\/\/planificatucamino.com\/wp-content\/uploads\/2021\/07\/cropped-Logotipo-PTC-500.png\" class=\"attachment-large size-large wp-image-1759\" alt=\"\" srcset=\"https:\/\/planificatucamino.com\/wp-content\/uploads\/2021\/07\/cropped-Logotipo-PTC-500.png 445w, https:\/\/planificatucamino.com\/wp-content\/uploads\/2021\/07\/cropped-Logotipo-PTC-500-300x216.png 300w\" sizes=\"auto, (max-width: 445px) 100vw, 445px\" \/>\t\t\t\t\t\t\t\t\t\t\t\t\t\t\t<\/div>\n\t\t\t\t<\/div>\n\t\t\t\t\t<\/div>\n\t\t<\/div>\n\t\t\t\t\t<\/div>\n\t\t<\/section>\n\t\t\t\t<section class=\"elementor-section elementor-top-section elementor-element elementor-element-100a7b59 elementor-section-boxed elementor-section-height-default elementor-section-height-default\" data-id=\"100a7b59\" data-element_type=\"section\" data-e-type=\"section\">\n\t\t\t\t\t\t<div class=\"elementor-container elementor-column-gap-default\">\n\t\t\t\t\t<div class=\"elementor-column elementor-col-100 elementor-top-column elementor-element elementor-element-67dc6507\" data-id=\"67dc6507\" data-element_type=\"column\" data-e-type=\"column\">\n\t\t\t<div class=\"elementor-widget-wrap elementor-element-populated\">\n\t\t\t\t\t\t<div class=\"elementor-element elementor-element-260675de elementor-widget elementor-widget-heading\" data-id=\"260675de\" data-element_type=\"widget\" data-e-type=\"widget\" data-widget_type=\"heading.default\">\n\t\t\t\t<div class=\"elementor-widget-container\">\n\t\t\t\t\t<h4 class=\"elementor-heading-title elementor-size-default\">Para acceder al \u00e1rea de miembros haz <a href=\"https:\/\/planificatucamino.com\/en\/mis-cursos\/\" style=\"color:black\">click aqu\u00ed<\/a><\/h4>\t\t\t\t<\/div>\n\t\t\t\t<\/div>\n\t\t\t\t<div class=\"elementor-element elementor-element-594dcf34 elementor-widget-divider--view-line elementor-widget elementor-widget-divider\" data-id=\"594dcf34\" data-element_type=\"widget\" data-e-type=\"widget\" data-widget_type=\"divider.default\">\n\t\t\t\t<div class=\"elementor-widget-container\">\n\t\t\t\t\t\t\t<div class=\"elementor-divider\">\n\t\t\t<span class=\"elementor-divider-separator\">\n\t\t\t\t\t\t<\/span>\n\t\t<\/div>\n\t\t\t\t\t\t<\/div>\n\t\t\t\t<\/div>\n\t\t\t\t<div class=\"elementor-element elementor-element-7cea050b elementor-widget elementor-widget-heading\" data-id=\"7cea050b\" data-element_type=\"widget\" data-e-type=\"widget\" data-widget_type=\"heading.default\">\n\t\t\t\t<div class=\"elementor-widget-container\">\n\t\t\t\t\t<h1 class=\"elementor-heading-title elementor-size-default\">\u00a1Gracias por ser parte de 5 Pasos en V\u00eddeo!<\/h1>\t\t\t\t<\/div>\n\t\t\t\t<\/div>\n\t\t\t\t\t<\/div>\n\t\t<\/div>\n\t\t\t\t\t<\/div>\n\t\t<\/section>\n\t\t\t\t<section class=\"elementor-section elementor-top-section elementor-element elementor-element-7ff18b1e elementor-section-content-middle elementor-reverse-mobile elementor-section-boxed elementor-section-height-default elementor-section-height-default\" data-id=\"7ff18b1e\" data-element_type=\"section\" data-e-type=\"section\">\n\t\t\t\t\t\t<div class=\"elementor-container elementor-column-gap-wide\">\n\t\t\t\t\t<div class=\"elementor-column elementor-col-50 elementor-top-column elementor-element elementor-element-6ada6d5b\" data-id=\"6ada6d5b\" data-element_type=\"column\" data-e-type=\"column\">\n\t\t\t<div class=\"elementor-widget-wrap elementor-element-populated\">\n\t\t\t\t\t\t<div class=\"elementor-element elementor-element-7f4d5c6 elementor-position-inline-start elementor-view-default elementor-mobile-position-block-start elementor-widget elementor-widget-icon-box\" data-id=\"7f4d5c6\" data-element_type=\"widget\" data-e-type=\"widget\" data-widget_type=\"icon-box.default\">\n\t\t\t\t<div class=\"elementor-widget-container\">\n\t\t\t\t\t\t\t<div class=\"elementor-icon-box-wrapper\">\n\n\t\t\t\t\t\t<div class=\"elementor-icon-box-icon\">\n\t\t\t\t<span  class=\"elementor-icon\">\n\t\t\t\t<i aria-hidden=\"true\" class=\"far fa-envelope\"><\/i>\t\t\t\t<\/span>\n\t\t\t<\/div>\n\t\t\t\n\t\t\t\t\t\t<div class=\"elementor-icon-box-content\">\n\n\t\t\t\t\t\t\t\t\t<h3 class=\"elementor-icon-box-title\">\n\t\t\t\t\t\t<span  >\n\t\t\t\t\t\t\t1. Comprueba tu email\t\t\t\t\t\t<\/span>\n\t\t\t\t\t<\/h3>\n\t\t\t\t\n\t\t\t\t\t\t\t\t\t<p class=\"elementor-icon-box-description\">\n\t\t\t\t\t\t<strong>Espera 5m<\/strong> y accede a tu correo electr\u00f3nico para recibir los datos de acceso a la plataforma.\t\t\t\t\t<\/p>\n\t\t\t\t\n\t\t\t<\/div>\n\t\t\t\n\t\t<\/div>\n\t\t\t\t\t\t<\/div>\n\t\t\t\t<\/div>\n\t\t\t\t<div class=\"elementor-element elementor-element-5bc5f846 elementor-position-inline-start elementor-view-default elementor-mobile-position-block-start elementor-widget elementor-widget-icon-box\" data-id=\"5bc5f846\" data-element_type=\"widget\" data-e-type=\"widget\" data-widget_type=\"icon-box.default\">\n\t\t\t\t<div class=\"elementor-widget-container\">\n\t\t\t\t\t\t\t<div class=\"elementor-icon-box-wrapper\">\n\n\t\t\t\t\t\t<div class=\"elementor-icon-box-icon\">\n\t\t\t\t<span  class=\"elementor-icon\">\n\t\t\t\t<i aria-hidden=\"true\" class=\"far fa-id-card\"><\/i>\t\t\t\t<\/span>\n\t\t\t<\/div>\n\t\t\t\n\t\t\t\t\t\t<div class=\"elementor-icon-box-content\">\n\n\t\t\t\t\t\t\t\t\t<h3 class=\"elementor-icon-box-title\">\n\t\t\t\t\t\t<span  >\n\t\t\t\t\t\t\t2. Accede a: planificatucamino.com\t\t\t\t\t\t<\/span>\n\t\t\t\t\t<\/h3>\n\t\t\t\t\n\t\t\t\t\t\t\t\t\t<p class=\"elementor-icon-box-description\">\n\t\t\t\t\t\tLuego tienes que introducir tus datos de acceso para poder entrar al curso.\t\t\t\t\t<\/p>\n\t\t\t\t\n\t\t\t<\/div>\n\t\t\t\n\t\t<\/div>\n\t\t\t\t\t\t<\/div>\n\t\t\t\t<\/div>\n\t\t\t\t<div class=\"elementor-element elementor-element-e8d0928 elementor-position-inline-start elementor-view-default elementor-mobile-position-block-start elementor-widget elementor-widget-icon-box\" data-id=\"e8d0928\" data-element_type=\"widget\" data-e-type=\"widget\" data-widget_type=\"icon-box.default\">\n\t\t\t\t<div class=\"elementor-widget-container\">\n\t\t\t\t\t\t\t<div class=\"elementor-icon-box-wrapper\">\n\n\t\t\t\t\t\t<div class=\"elementor-icon-box-icon\">\n\t\t\t\t<span  class=\"elementor-icon\">\n\t\t\t\t<i aria-hidden=\"true\" class=\"far fa-folder-open\"><\/i>\t\t\t\t<\/span>\n\t\t\t<\/div>\n\t\t\t\n\t\t\t\t\t\t<div class=\"elementor-icon-box-content\">\n\n\t\t\t\t\t\t\t\t\t<h3 class=\"elementor-icon-box-title\">\n\t\t\t\t\t\t<span  >\n\t\t\t\t\t\t\t3. Abre 5 pasos en v\u00eddeo\t\t\t\t\t\t<\/span>\n\t\t\t\t\t<\/h3>\n\t\t\t\t\n\t\t\t\t\t\t\t\t\t<p class=\"elementor-icon-box-description\">\n\t\t\t\t\t\tUna vez identificado, en el men\u00fa podr\u00e1s acceder a una p\u00e1gina llamada <strong>MIS CURSOS<\/strong>, que estar\u00e1 en el Men\u00fa de la Academia.\nAll\u00ed tambi\u00e9n podr\u00e1s acceder a otras p\u00e1ginas de inter\u00e9s.\t\t\t\t\t<\/p>\n\t\t\t\t\n\t\t\t<\/div>\n\t\t\t\n\t\t<\/div>\n\t\t\t\t\t\t<\/div>\n\t\t\t\t<\/div>\n\t\t\t\t\t<\/div>\n\t\t<\/div>\n\t\t\t\t<div class=\"elementor-column elementor-col-50 elementor-top-column elementor-element elementor-element-752ce5b1\" data-id=\"752ce5b1\" data-element_type=\"column\" data-e-type=\"column\">\n\t\t\t<div class=\"elementor-widget-wrap elementor-element-populated\">\n\t\t\t\t\t\t<div class=\"elementor-element elementor-element-b117834 elementor-widget elementor-widget-image\" data-id=\"b117834\" data-element_type=\"widget\" data-e-type=\"widget\" data-widget_type=\"image.default\">\n\t\t\t\t<div class=\"elementor-widget-container\">\n\t\t\t\t\t\t\t\t\t\t\t\t\t\t\t<img decoding=\"async\" src=\"https:\/\/planificatucamino.com\/wp-content\/uploads\/2020\/04\/Portada-Easy-Wordpress-carlosmarca.jpg\" title=\"\" alt=\"\" loading=\"lazy\" \/>\t\t\t\t\t\t\t\t\t\t\t\t\t\t\t<\/div>\n\t\t\t\t<\/div>\n\t\t\t\t\t<\/div>\n\t\t<\/div>\n\t\t\t\t\t<\/div>\n\t\t<\/section>\n\t\t\t\t<section class=\"elementor-section elementor-top-section elementor-element elementor-element-31c3943 elementor-section-boxed elementor-section-height-default elementor-section-height-default\" data-id=\"31c3943\" data-element_type=\"section\" data-e-type=\"section\" data-settings=\"{&quot;background_background&quot;:&quot;classic&quot;}\">\n\t\t\t\t\t\t<div class=\"elementor-container elementor-column-gap-default\">\n\t\t\t\t\t<div class=\"elementor-column elementor-col-100 elementor-top-column elementor-element elementor-element-b9d663e\" data-id=\"b9d663e\" data-element_type=\"column\" data-e-type=\"column\">\n\t\t\t<div class=\"elementor-widget-wrap elementor-element-populated\">\n\t\t\t\t\t\t<div class=\"elementor-element elementor-element-8c8f5a0 elementor-invisible elementor-widget elementor-widget-heading\" data-id=\"8c8f5a0\" data-element_type=\"widget\" data-e-type=\"widget\" data-settings=\"{&quot;_animation&quot;:&quot;fadeIn&quot;}\" data-widget_type=\"heading.default\">\n\t\t\t\t<div class=\"elementor-widget-container\">\n\t\t\t\t\t<h3 class=\"elementor-heading-title elementor-size-default\">\u00a92021 PLANIFICA TU CAMINO | <a href=\"https:\/\/planificatucamino.com\/en\/politica-de-privacidad\/\" target=\"_blank\">PRIVACIDAD<\/a> | <a href=\"https:\/\/planificatucamino.com\/en\/aviso-legal\/\" target=\"_blank\">LEGAL<\/a> | <a href=\"https:\/\/planificatucamino.com\/en\/politica-de-cookies\/\" target=\"_blank\">COOKIES<\/a> | ACADEMIA CREADA POR: <a href=\"http:\/\/carlosmarca.com\/\" target=\"_blank\">carlosmarca.com<\/a><\/h3>\t\t\t\t<\/div>\n\t\t\t\t<\/div>\n\t\t\t\t\t<\/div>\n\t\t<\/div>\n\t\t\t\t\t<\/div>\n\t\t<\/section>\n\t\t\t\t<\/div>","protected":false},"excerpt":{"rendered":"<p>Para acceder al \u00e1rea de miembros haz click aqu\u00ed \u00a1Gracias por ser parte de 5 Pasos en V\u00eddeo! 1. Comprueba tu email Espera 5m y accede a tu correo electr\u00f3nico para recibir los datos de acceso a la plataforma. 2. Accede a: planificatucamino.com Luego tienes que introducir tus datos de acceso para poder entrar al [&hellip;]<\/p>\n","protected":false},"author":3,"featured_media":0,"parent":1288,"menu_order":0,"comment_status":"closed","ping_status":"closed","template":"elementor_canvas","meta":{"ocean_post_layout":"","ocean_both_sidebars_style":"","ocean_both_sidebars_content_width":0,"ocean_both_sidebars_sidebars_width":0,"ocean_sidebar":"0","ocean_second_sidebar":"0","ocean_disable_margins":"enable","ocean_add_body_class":"","ocean_shortcode_before_top_bar":"","ocean_shortcode_after_top_bar":"","ocean_shortcode_before_header":"","ocean_shortcode_after_header":"","ocean_has_shortcode":"","ocean_shortcode_after_title":"","ocean_shortcode_before_footer_widgets":"","ocean_shortcode_after_footer_widgets":"","ocean_shortcode_before_footer_bottom":"","ocean_shortcode_after_footer_bottom":"","ocean_display_top_bar":"default","ocean_display_header":"default","ocean_header_style":"","ocean_center_header_left_menu":"0","ocean_custom_header_template":"0","ocean_custom_logo":0,"ocean_custom_retina_logo":0,"ocean_custom_logo_max_width":0,"ocean_custom_logo_tablet_max_width":0,"ocean_custom_logo_mobile_max_width":0,"ocean_custom_logo_max_height":0,"ocean_custom_logo_tablet_max_height":0,"ocean_custom_logo_mobile_max_height":0,"ocean_header_custom_menu":"0","ocean_menu_typo_font_family":"0","ocean_menu_typo_font_subset":"","ocean_menu_typo_font_size":0,"ocean_menu_typo_font_size_tablet":0,"ocean_menu_typo_font_size_mobile":0,"ocean_menu_typo_font_size_unit":"px","ocean_menu_typo_font_weight":"","ocean_menu_typo_font_weight_tablet":"","ocean_menu_typo_font_weight_mobile":"","ocean_menu_typo_transform":"","ocean_menu_typo_transform_tablet":"","ocean_menu_typo_transform_mobile":"","ocean_menu_typo_line_height":0,"ocean_menu_typo_line_height_tablet":0,"ocean_menu_typo_line_height_mobile":0,"ocean_menu_typo_line_height_unit":"","ocean_menu_typo_spacing":0,"ocean_menu_typo_spacing_tablet":0,"ocean_menu_typo_spacing_mobile":0,"ocean_menu_typo_spacing_unit":"","ocean_menu_link_color":"","ocean_menu_link_color_hover":"","ocean_menu_link_color_active":"","ocean_menu_link_background":"","ocean_menu_link_hover_background":"","ocean_menu_link_active_background":"","ocean_menu_social_links_bg":"","ocean_menu_social_hover_links_bg":"","ocean_menu_social_links_color":"","ocean_menu_social_hover_links_color":"","ocean_disable_title":"default","ocean_disable_heading":"default","ocean_post_title":"","ocean_post_subheading":"","ocean_post_title_style":"","ocean_post_title_background_color":"","ocean_post_title_background":0,"ocean_post_title_bg_image_position":"","ocean_post_title_bg_image_attachment":"","ocean_post_title_bg_image_repeat":"","ocean_post_title_bg_image_size":"","ocean_post_title_height":0,"ocean_post_title_bg_overlay":0.5,"ocean_post_title_bg_overlay_color":"","ocean_disable_breadcrumbs":"default","ocean_breadcrumbs_color":"","ocean_breadcrumbs_separator_color":"","ocean_breadcrumbs_links_color":"","ocean_breadcrumbs_links_hover_color":"","ocean_display_footer_widgets":"default","ocean_display_footer_bottom":"default","ocean_custom_footer_template":"0","footnotes":""},"class_list":["post-871","page","type-page","status-publish","hentry","entry","owp-thumbs-layout-horizontal","owp-btn-big","owp-tabs-layout-vertical","has-no-thumbnails"],"yoast_head":"<!-- This site is optimized with the Yoast SEO plugin v27.5 - https:\/\/yoast.com\/product\/yoast-seo-wordpress\/ -->\n<title>Gracias por comprar 5 Pasos en V\u00eddeo - Planifica tu Camino<\/title>\n<meta name=\"robots\" content=\"index, follow, max-snippet:-1, max-image-preview:large, max-video-preview:-1\" \/>\n<link rel=\"canonical\" href=\"https:\/\/planificatucamino.com\/en\/lp\/gracias-por-comprar-5-pasos-en-video\/\" \/>\n<meta property=\"og:locale\" content=\"en_GB\" \/>\n<meta property=\"og:type\" content=\"article\" \/>\n<meta property=\"og:title\" content=\"Gracias por comprar 5 Pasos en V\u00eddeo - Planifica tu Camino\" \/>\n<meta property=\"og:description\" content=\"Para acceder al \u00e1rea de miembros haz click aqu\u00ed \u00a1Gracias por ser parte de 5 Pasos en V\u00eddeo! 1. Comprueba tu email Espera 5m y accede a tu correo electr\u00f3nico para recibir los datos de acceso a la plataforma. 2. Accede a: planificatucamino.com Luego tienes que introducir tus datos de acceso para poder entrar al [&hellip;]\" \/>\n<meta property=\"og:url\" content=\"https:\/\/planificatucamino.com\/en\/lp\/gracias-por-comprar-5-pasos-en-video\/\" \/>\n<meta property=\"og:site_name\" content=\"Planifica tu Camino\" \/>\n<meta property=\"article:modified_time\" content=\"2021-08-23T19:30:38+00:00\" \/>\n<meta property=\"og:image\" content=\"https:\/\/planificatucamino.com\/wp-content\/uploads\/2021\/07\/cropped-Logotipo-PTC-500.png\" \/>\n<meta name=\"twitter:card\" content=\"summary_large_image\" \/>\n<meta name=\"twitter:label1\" content=\"Est. reading time\" \/>\n\t<meta name=\"twitter:data1\" content=\"1 minute\" \/>\n<script type=\"application\/ld+json\" class=\"yoast-schema-graph\">{\"@context\":\"https:\\\/\\\/schema.org\",\"@graph\":[{\"@type\":\"WebPage\",\"@id\":\"https:\\\/\\\/planificatucamino.com\\\/lp\\\/gracias-por-comprar-5-pasos-en-video\\\/\",\"url\":\"https:\\\/\\\/planificatucamino.com\\\/lp\\\/gracias-por-comprar-5-pasos-en-video\\\/\",\"name\":\"Gracias por comprar 5 Pasos en V\u00eddeo - Planifica tu Camino\",\"isPartOf\":{\"@id\":\"https:\\\/\\\/planificatucamino.com\\\/#website\"},\"primaryImageOfPage\":{\"@id\":\"https:\\\/\\\/planificatucamino.com\\\/lp\\\/gracias-por-comprar-5-pasos-en-video\\\/#primaryimage\"},\"image\":{\"@id\":\"https:\\\/\\\/planificatucamino.com\\\/lp\\\/gracias-por-comprar-5-pasos-en-video\\\/#primaryimage\"},\"thumbnailUrl\":\"https:\\\/\\\/planificatucamino.com\\\/wp-content\\\/uploads\\\/2021\\\/07\\\/cropped-Logotipo-PTC-500.png\",\"datePublished\":\"2020-03-21T12:51:47+00:00\",\"dateModified\":\"2021-08-23T19:30:38+00:00\",\"breadcrumb\":{\"@id\":\"https:\\\/\\\/planificatucamino.com\\\/lp\\\/gracias-por-comprar-5-pasos-en-video\\\/#breadcrumb\"},\"inLanguage\":\"en-GB\",\"potentialAction\":[{\"@type\":\"ReadAction\",\"target\":[\"https:\\\/\\\/planificatucamino.com\\\/lp\\\/gracias-por-comprar-5-pasos-en-video\\\/\"]}]},{\"@type\":\"ImageObject\",\"inLanguage\":\"en-GB\",\"@id\":\"https:\\\/\\\/planificatucamino.com\\\/lp\\\/gracias-por-comprar-5-pasos-en-video\\\/#primaryimage\",\"url\":\"https:\\\/\\\/planificatucamino.com\\\/wp-content\\\/uploads\\\/2021\\\/07\\\/cropped-Logotipo-PTC-500.png\",\"contentUrl\":\"https:\\\/\\\/planificatucamino.com\\\/wp-content\\\/uploads\\\/2021\\\/07\\\/cropped-Logotipo-PTC-500.png\"},{\"@type\":\"BreadcrumbList\",\"@id\":\"https:\\\/\\\/planificatucamino.com\\\/lp\\\/gracias-por-comprar-5-pasos-en-video\\\/#breadcrumb\",\"itemListElement\":[{\"@type\":\"ListItem\",\"position\":1,\"name\":\"Portada\",\"item\":\"https:\\\/\\\/planificatucamino.com\\\/\"},{\"@type\":\"ListItem\",\"position\":2,\"name\":\"LP\",\"item\":\"https:\\\/\\\/planificatucamino.com\\\/lp\\\/\"},{\"@type\":\"ListItem\",\"position\":3,\"name\":\"Gracias por comprar 5 Pasos en V\u00eddeo\"}]},{\"@type\":\"WebSite\",\"@id\":\"https:\\\/\\\/planificatucamino.com\\\/#website\",\"url\":\"https:\\\/\\\/planificatucamino.com\\\/\",\"name\":\"Planifica tu Camino\",\"description\":\"Planifica tu Camino de Santiago\",\"publisher\":{\"@id\":\"https:\\\/\\\/planificatucamino.com\\\/#\\\/schema\\\/person\\\/0d8d6fb609677b69591e33b58310eb4d\"},\"potentialAction\":[{\"@type\":\"SearchAction\",\"target\":{\"@type\":\"EntryPoint\",\"urlTemplate\":\"https:\\\/\\\/planificatucamino.com\\\/?s={search_term_string}\"},\"query-input\":{\"@type\":\"PropertyValueSpecification\",\"valueRequired\":true,\"valueName\":\"search_term_string\"}}],\"inLanguage\":\"en-GB\"},{\"@type\":[\"Person\",\"Organization\"],\"@id\":\"https:\\\/\\\/planificatucamino.com\\\/#\\\/schema\\\/person\\\/0d8d6fb609677b69591e33b58310eb4d\",\"name\":\"Leo Guijarro\",\"image\":{\"@type\":\"ImageObject\",\"inLanguage\":\"en-GB\",\"@id\":\"https:\\\/\\\/planificatucamino.com\\\/wp-content\\\/uploads\\\/2021\\\/08\\\/leo-silueta-rojo.png\",\"url\":\"https:\\\/\\\/planificatucamino.com\\\/wp-content\\\/uploads\\\/2021\\\/08\\\/leo-silueta-rojo.png\",\"contentUrl\":\"https:\\\/\\\/planificatucamino.com\\\/wp-content\\\/uploads\\\/2021\\\/08\\\/leo-silueta-rojo.png\",\"width\":433,\"height\":576,\"caption\":\"Leo Guijarro\"},\"logo\":{\"@id\":\"https:\\\/\\\/planificatucamino.com\\\/wp-content\\\/uploads\\\/2021\\\/08\\\/leo-silueta-rojo.png\"}}]}<\/script>\n<!-- \/ Yoast SEO plugin. -->","yoast_head_json":{"title":"Gracias por comprar 5 Pasos en V\u00eddeo - Planifica tu Camino","robots":{"index":"index","follow":"follow","max-snippet":"max-snippet:-1","max-image-preview":"max-image-preview:large","max-video-preview":"max-video-preview:-1"},"canonical":"https:\/\/planificatucamino.com\/en\/lp\/gracias-por-comprar-5-pasos-en-video\/","og_locale":"en_GB","og_type":"article","og_title":"Gracias por comprar 5 Pasos en V\u00eddeo - Planifica tu Camino","og_description":"Para acceder al \u00e1rea de miembros haz click aqu\u00ed \u00a1Gracias por ser parte de 5 Pasos en V\u00eddeo! 1. Comprueba tu email Espera 5m y accede a tu correo electr\u00f3nico para recibir los datos de acceso a la plataforma. 2. Accede a: planificatucamino.com Luego tienes que introducir tus datos de acceso para poder entrar al [&hellip;]","og_url":"https:\/\/planificatucamino.com\/en\/lp\/gracias-por-comprar-5-pasos-en-video\/","og_site_name":"Planifica tu Camino","article_modified_time":"2021-08-23T19:30:38+00:00","og_image":[{"url":"https:\/\/planificatucamino.com\/wp-content\/uploads\/2021\/07\/cropped-Logotipo-PTC-500.png","type":"","width":"","height":""}],"twitter_card":"summary_large_image","twitter_misc":{"Est. reading time":"1 minute"},"schema":{"@context":"https:\/\/schema.org","@graph":[{"@type":"WebPage","@id":"https:\/\/planificatucamino.com\/lp\/gracias-por-comprar-5-pasos-en-video\/","url":"https:\/\/planificatucamino.com\/lp\/gracias-por-comprar-5-pasos-en-video\/","name":"Gracias por comprar 5 Pasos en V\u00eddeo - Planifica tu Camino","isPartOf":{"@id":"https:\/\/planificatucamino.com\/#website"},"primaryImageOfPage":{"@id":"https:\/\/planificatucamino.com\/lp\/gracias-por-comprar-5-pasos-en-video\/#primaryimage"},"image":{"@id":"https:\/\/planificatucamino.com\/lp\/gracias-por-comprar-5-pasos-en-video\/#primaryimage"},"thumbnailUrl":"https:\/\/planificatucamino.com\/wp-content\/uploads\/2021\/07\/cropped-Logotipo-PTC-500.png","datePublished":"2020-03-21T12:51:47+00:00","dateModified":"2021-08-23T19:30:38+00:00","breadcrumb":{"@id":"https:\/\/planificatucamino.com\/lp\/gracias-por-comprar-5-pasos-en-video\/#breadcrumb"},"inLanguage":"en-GB","potentialAction":[{"@type":"ReadAction","target":["https:\/\/planificatucamino.com\/lp\/gracias-por-comprar-5-pasos-en-video\/"]}]},{"@type":"ImageObject","inLanguage":"en-GB","@id":"https:\/\/planificatucamino.com\/lp\/gracias-por-comprar-5-pasos-en-video\/#primaryimage","url":"https:\/\/planificatucamino.com\/wp-content\/uploads\/2021\/07\/cropped-Logotipo-PTC-500.png","contentUrl":"https:\/\/planificatucamino.com\/wp-content\/uploads\/2021\/07\/cropped-Logotipo-PTC-500.png"},{"@type":"BreadcrumbList","@id":"https:\/\/planificatucamino.com\/lp\/gracias-por-comprar-5-pasos-en-video\/#breadcrumb","itemListElement":[{"@type":"ListItem","position":1,"name":"Portada","item":"https:\/\/planificatucamino.com\/"},{"@type":"ListItem","position":2,"name":"LP","item":"https:\/\/planificatucamino.com\/lp\/"},{"@type":"ListItem","position":3,"name":"Gracias por comprar 5 Pasos en V\u00eddeo"}]},{"@type":"WebSite","@id":"https:\/\/planificatucamino.com\/#website","url":"https:\/\/planificatucamino.com\/","name":"Planifica tu Camino","description":"Planifica tu Camino de Santiago","publisher":{"@id":"https:\/\/planificatucamino.com\/#\/schema\/person\/0d8d6fb609677b69591e33b58310eb4d"},"potentialAction":[{"@type":"SearchAction","target":{"@type":"EntryPoint","urlTemplate":"https:\/\/planificatucamino.com\/?s={search_term_string}"},"query-input":{"@type":"PropertyValueSpecification","valueRequired":true,"valueName":"search_term_string"}}],"inLanguage":"en-GB"},{"@type":["Person","Organization"],"@id":"https:\/\/planificatucamino.com\/#\/schema\/person\/0d8d6fb609677b69591e33b58310eb4d","name":"Leo Guijarro","image":{"@type":"ImageObject","inLanguage":"en-GB","@id":"https:\/\/planificatucamino.com\/wp-content\/uploads\/2021\/08\/leo-silueta-rojo.png","url":"https:\/\/planificatucamino.com\/wp-content\/uploads\/2021\/08\/leo-silueta-rojo.png","contentUrl":"https:\/\/planificatucamino.com\/wp-content\/uploads\/2021\/08\/leo-silueta-rojo.png","width":433,"height":576,"caption":"Leo Guijarro"},"logo":{"@id":"https:\/\/planificatucamino.com\/wp-content\/uploads\/2021\/08\/leo-silueta-rojo.png"}}]}},"_links":{"self":[{"href":"https:\/\/planificatucamino.com\/en\/wp-json\/wp\/v2\/pages\/871","targetHints":{"allow":["GET"]}}],"collection":[{"href":"https:\/\/planificatucamino.com\/en\/wp-json\/wp\/v2\/pages"}],"about":[{"href":"https:\/\/planificatucamino.com\/en\/wp-json\/wp\/v2\/types\/page"}],"author":[{"embeddable":true,"href":"https:\/\/planificatucamino.com\/en\/wp-json\/wp\/v2\/users\/3"}],"replies":[{"embeddable":true,"href":"https:\/\/planificatucamino.com\/en\/wp-json\/wp\/v2\/comments?post=871"}],"version-history":[{"count":24,"href":"https:\/\/planificatucamino.com\/en\/wp-json\/wp\/v2\/pages\/871\/revisions"}],"predecessor-version":[{"id":2339,"href":"https:\/\/planificatucamino.com\/en\/wp-json\/wp\/v2\/pages\/871\/revisions\/2339"}],"up":[{"embeddable":true,"href":"https:\/\/planificatucamino.com\/en\/wp-json\/wp\/v2\/pages\/1288"}],"wp:attachment":[{"href":"https:\/\/planificatucamino.com\/en\/wp-json\/wp\/v2\/media?parent=871"}],"curies":[{"name":"wp","href":"https:\/\/api.w.org\/{rel}","templated":true}]}}